{"id":3517,"date":"2024-08-23T21:18:04","date_gmt":"2024-08-23T18:18:04","guid":{"rendered":"https:\/\/ferroaydinlatma.com\/?page_id=3517"},"modified":"2024-08-26T03:19:03","modified_gmt":"2024-08-26T00:19:03","slug":"ferro-aydinlatma-park-bahce-direkleri","status":"publish","type":"page","link":"https:\/\/ferroaydinlatma.com\/en\/ferro-aydinlatma-park-bahce-direkleri\/","title":{"rendered":"Park Garden Poles"},"content":{"rendered":"<div data-elementor-type=\"wp-page\" data-elementor-id=\"3517\" class=\"elementor elementor-3517\">\n\t\t\t\t\t\t<section class=\"elementor-section elementor-top-section elementor-element elementor-element-926da2e elementor-section-boxed elementor-section-height-default elementor-section-height-default\" data-id=\"926da2e\" data-element_type=\"section\" data-e-type=\"section\">\n\t\t\t\t\t\t<div class=\"elementor-container elementor-column-gap-no\">\n\t\t\t\t\t<div class=\"elementor-column elementor-col-100 elementor-top-column elementor-element elementor-element-3473360\" data-id=\"3473360\" data-element_type=\"column\" data-e-type=\"column\">\n\t\t\t<div class=\"elementor-widget-wrap elementor-element-populated\">\n\t\t\t\t\t\t<div class=\"elementor-element elementor-element-214923a elementor-widget elementor-widget-image\" data-id=\"214923a\" data-element_type=\"widget\" data-e-type=\"widget\" data-widget_type=\"image.default\">\n\t\t\t\t<div class=\"elementor-widget-container\">\n\t\t\t\t\t\t\t\t\t\t\t\t\t\t\t<img fetchpriority=\"high\" decoding=\"async\" width=\"525\" height=\"700\" src=\"https:\/\/ferroaydinlatma.com\/wp-content\/uploads\/2024\/08\/R76-768x1024.webp\" class=\"attachment-large size-large wp-image-3519\" alt=\"\" srcset=\"https:\/\/ferroaydinlatma.com\/wp-content\/uploads\/2024\/08\/R76-768x1024.webp 768w, https:\/\/ferroaydinlatma.com\/wp-content\/uploads\/2024\/08\/R76-225x300.webp 225w, https:\/\/ferroaydinlatma.com\/wp-content\/uploads\/2024\/08\/R76-1152x1536.webp 1152w, https:\/\/ferroaydinlatma.com\/wp-content\/uploads\/2024\/08\/R76.webp 1200w\" sizes=\"(max-width: 525px) 100vw, 525px\" \/>\t\t\t\t\t\t\t\t\t\t\t\t\t\t\t<\/div>\n\t\t\t\t<\/div>\n\t\t\t\t<section class=\"elementor-section elementor-inner-section elementor-element elementor-element-38bddc7 elementor-section-boxed elementor-section-height-default elementor-section-height-default\" data-id=\"38bddc7\" data-element_type=\"section\" data-e-type=\"section\">\n\t\t\t\t\t\t<div class=\"elementor-container elementor-column-gap-no\">\n\t\t\t\t\t<div class=\"elementor-column elementor-col-50 elementor-inner-column elementor-element elementor-element-17359b4\" data-id=\"17359b4\" data-element_type=\"column\" data-e-type=\"column\">\n\t\t\t<div class=\"elementor-widget-wrap elementor-element-populated\">\n\t\t\t\t\t\t<div class=\"elementor-element elementor-element-c3c4fbb elementor-widget elementor-widget-heading\" data-id=\"c3c4fbb\" data-element_type=\"widget\" data-e-type=\"widget\" data-widget_type=\"heading.default\">\n\t\t\t\t<div class=\"elementor-widget-container\">\n\t\t\t\t\t<h2 class=\"elementor-heading-title elementor-size-default\">Park Garden Poles<\/h2>\t\t\t\t<\/div>\n\t\t\t\t<\/div>\n\t\t\t\t<div class=\"elementor-element elementor-element-254d01e elementor-widget elementor-widget-image\" data-id=\"254d01e\" data-element_type=\"widget\" data-e-type=\"widget\" data-widget_type=\"image.default\">\n\t\t\t\t<div class=\"elementor-widget-container\">\n\t\t\t\t\t\t\t\t\t\t\t\t\t\t\t<img decoding=\"async\" width=\"106\" height=\"6\" src=\"https:\/\/ferroaydinlatma.com\/wp-content\/uploads\/2023\/02\/section-title-bg-1.png\" class=\"attachment-large size-large wp-image-258\" alt=\"\" \/>\t\t\t\t\t\t\t\t\t\t\t\t\t\t\t<\/div>\n\t\t\t\t<\/div>\n\t\t\t\t<div class=\"elementor-element elementor-element-569e336 elementor-widget elementor-widget-text-editor\" data-id=\"569e336\" data-element_type=\"widget\" data-e-type=\"widget\" data-widget_type=\"text-editor.default\">\n\t\t\t\t<div class=\"elementor-widget-container\">\n\t\t\t\t\t\t\t\t\t<h3><strong>Park and garden lighting Poles:\u00a0<\/strong><\/h3><h3><strong>Ferro aesthetic and leadership in security lighting<\/strong><\/h3><div><strong>\u00a0<\/strong><\/div><p>Parks and gardens, city life, we find peace in nature are the areas that we are with. Be safe and aesthetically appealing both of these areas, lighting is directly related to the quality of solutions. Ferro Lighting, Park and garden lighting poles in this area by providing a combination of aesthetics and safety is to ensure the peaceful and safe use.<\/p><p><strong>The perfect balance of aesthetics and functionality<\/strong><\/p><p>Ferro lighting, Park and garden lighting poles when designing, we are establishing a perfect balance between aesthetics and functionality. Each environment is directly compatible with a modern and elegant appearance. In this way, not only the parks and gardens in daylight and at night gets a glamorous appearance. Materials and designs without spoiling the beauty of the natural environment, are carefully selected so that it stand out even more.<\/p><p><strong>Environmentally friendly and durable materials<\/strong><\/p><p>Park and garden for the production of Poles, environmentally friendly and durable materials, we prefer. Ferro lighting, as we remain committed to the principle of sustainability by using materials in harmony with nature. Our coated galvanized posts, provides high resistance to corrosion and can be used for many years without requiring maintenance. Also used energy-efficient LED lighting solutions, we are raising the level of energy efficiency.<\/p><p><strong>Security-oriented design and implementation<\/strong><\/p><p>Parks and gardens are areas that need to be kept at the forefront of security. Ferro lighting, as we keep safety in the forefront of the design of each pole. Our lighting poles and the correct placement of light distribution and minimizes dark spots, and thus provides a safe walking environment in the park and gardens at night. Also, stability and durability our posts, have been tested against harsh weather conditions and heavy use.<\/p><p><strong>Ferro accuracy and quality of lighting<\/strong><\/p><p>Each project is meticulously executed in accordance with the quality standards of lighting Ferro. Our team of experts at every stage of the installation of lighting poles from Park and garden maintenance, to the maximum sensitivity. Conducted feasibility studies of the project in the process, of the posts to be positioned with maximum efficiency and enables it to operate in the most appropriate way. Customer satisfaction and quality assurance is one of the basic principles of lighting Ferro.<\/p><p>Parks and gardens, city life, are the areas we breathe. Ferro lighting as aesthetic and illuminated in these areas to ensure that it is safe and environmentally friendly manner, we offer the highest quality solutions. If you want to see if your park or garden is a combination of safety and aesthetics, Ferro lighting, the lighting is most suitable for you, we would be happy to offer solutions.<\/p>\t\t\t\t\t\t\t\t<\/div>\n\t\t\t\t<\/div>\n\t\t\t\t\t<\/div>\n\t\t<\/div>\n\t\t\t\t<div class=\"elementor-column elementor-col-50 elementor-inner-column elementor-element elementor-element-78c8b8d\" data-id=\"78c8b8d\" data-element_type=\"column\" data-e-type=\"column\">\n\t\t\t<div class=\"elementor-widget-wrap elementor-element-populated\">\n\t\t\t\t\t\t<div class=\"elementor-element elementor-element-6c53b37 elementor-widget elementor-widget-cretox_project_information\" data-id=\"6c53b37\" data-element_type=\"widget\" data-e-type=\"widget\" data-widget_type=\"cretox_project_information.default\">\n\t\t\t\t<div class=\"elementor-widget-container\">\n\t\t\t\t\t        \t\n\n\n\t <script>\n jQuery(document).ready(function($)\n {\n\n\/\/put the js code under this line \n\n\/\/put the code above the line \n\n  });\n<\/script>\n\t<div class=\"project-information\">\n\t\t<h4>Technical characteristics and types<\/h4>\n\t\t<ul>\n\t\t\t<li><b>Material:<\/b> Steel -Aluminum<\/li>\n                                <li><b>Size:<\/b>  1-6 Meters\n<\/li>\n                                <li><b>Coating:<\/b>  Hot-Dip Galvanized<\/li>\n                                <li><b>Paint:<\/b>  Electro-static powder coating<\/li> \n<li><b> Optional:<\/b>  Led system<\/li>\t\t<\/ul>\n\t<\/div>\n\n\t\t\t\t\t\t<\/div>\n\t\t\t\t<\/div>\n\t\t\t\t<div class=\"elementor-element elementor-element-1cc7033 elementor-widget elementor-widget-image\" data-id=\"1cc7033\" data-element_type=\"widget\" data-e-type=\"widget\" data-widget_type=\"image.default\">\n\t\t\t\t<div class=\"elementor-widget-container\">\n\t\t\t\t\t\t\t\t\t\t\t\t\t\t\t<img decoding=\"async\" width=\"400\" height=\"600\" src=\"https:\/\/ferroaydinlatma.com\/wp-content\/uploads\/2024\/08\/fer-A001-1.jpg\" class=\"attachment-large size-large wp-image-3520\" alt=\"\" srcset=\"https:\/\/ferroaydinlatma.com\/wp-content\/uploads\/2024\/08\/fer-A001-1.jpg 400w, https:\/\/ferroaydinlatma.com\/wp-content\/uploads\/2024\/08\/fer-A001-1-200x300.jpg 200w\" sizes=\"(max-width: 400px) 100vw, 400px\" \/>\t\t\t\t\t\t\t\t\t\t\t\t\t\t\t<\/div>\n\t\t\t\t<\/div>\n\t\t\t\t<div class=\"elementor-element elementor-element-4c7ee47 elementor-widget elementor-widget-image\" data-id=\"4c7ee47\" data-element_type=\"widget\" data-e-type=\"widget\" data-widget_type=\"image.default\">\n\t\t\t\t<div class=\"elementor-widget-container\">\n\t\t\t\t\t\t\t\t\t\t\t\t\t\t\t<img loading=\"lazy\" decoding=\"async\" width=\"525\" height=\"788\" src=\"https:\/\/ferroaydinlatma.com\/wp-content\/uploads\/2024\/08\/fer-A011.jpg\" class=\"attachment-large size-large wp-image-3525\" alt=\"\" srcset=\"https:\/\/ferroaydinlatma.com\/wp-content\/uploads\/2024\/08\/fer-A011.jpg 533w, https:\/\/ferroaydinlatma.com\/wp-content\/uploads\/2024\/08\/fer-A011-200x300.jpg 200w\" sizes=\"(max-width: 525px) 100vw, 525px\" \/>\t\t\t\t\t\t\t\t\t\t\t\t\t\t\t<\/div>\n\t\t\t\t<\/div>\n\t\t\t\t\t<\/div>\n\t\t<\/div>\n\t\t\t\t\t<\/div>\n\t\t<\/section>\n\t\t\t\t\t<\/div>\n\t\t<\/div>\n\t\t\t\t\t<\/div>\n\t\t<\/section>\n\t\t<div class=\"elementor-element elementor-element-34e67a2 e-grid e-con-boxed e-con e-parent\" data-id=\"34e67a2\" data-element_type=\"container\" data-e-type=\"container\">\n\t\t\t\t\t<div class=\"e-con-inner\">\n\t\t\t\t<div class=\"elementor-element elementor-element-9ad13b2 elementor-widget elementor-widget-image\" data-id=\"9ad13b2\" data-element_type=\"widget\" data-e-type=\"widget\" data-widget_type=\"image.default\">\n\t\t\t\t<div class=\"elementor-widget-container\">\n\t\t\t\t\t\t\t\t\t\t\t\t\t\t\t<img loading=\"lazy\" decoding=\"async\" width=\"525\" height=\"371\" src=\"https:\/\/ferroaydinlatma.com\/wp-content\/uploads\/2024\/08\/fer-A007.jpg\" class=\"attachment-large size-large wp-image-3705\" alt=\"\" srcset=\"https:\/\/ferroaydinlatma.com\/wp-content\/uploads\/2024\/08\/fer-A007.jpg 1024w, https:\/\/ferroaydinlatma.com\/wp-content\/uploads\/2024\/08\/fer-A007-300x212.jpg 300w, https:\/\/ferroaydinlatma.com\/wp-content\/uploads\/2024\/08\/fer-A007-768x542.jpg 768w, https:\/\/ferroaydinlatma.com\/wp-content\/uploads\/2024\/08\/fer-A007-18x12.jpg 18w\" sizes=\"(max-width: 525px) 100vw, 525px\" \/>\t\t\t\t\t\t\t\t\t\t\t\t\t\t\t<\/div>\n\t\t\t\t<\/div>\n\t\t\t\t<div class=\"elementor-element elementor-element-6356fe6 elementor-widget elementor-widget-image\" data-id=\"6356fe6\" data-element_type=\"widget\" data-e-type=\"widget\" data-widget_type=\"image.default\">\n\t\t\t\t<div class=\"elementor-widget-container\">\n\t\t\t\t\t\t\t\t\t\t\t\t\t\t\t<img loading=\"lazy\" decoding=\"async\" width=\"525\" height=\"371\" src=\"https:\/\/ferroaydinlatma.com\/wp-content\/uploads\/2024\/08\/fer-A006-1.jpg\" class=\"attachment-large size-large wp-image-3704\" alt=\"\" srcset=\"https:\/\/ferroaydinlatma.com\/wp-content\/uploads\/2024\/08\/fer-A006-1.jpg 1024w, https:\/\/ferroaydinlatma.com\/wp-content\/uploads\/2024\/08\/fer-A006-1-300x212.jpg 300w, https:\/\/ferroaydinlatma.com\/wp-content\/uploads\/2024\/08\/fer-A006-1-768x542.jpg 768w, https:\/\/ferroaydinlatma.com\/wp-content\/uploads\/2024\/08\/fer-A006-1-18x12.jpg 18w\" sizes=\"(max-width: 525px) 100vw, 525px\" \/>\t\t\t\t\t\t\t\t\t\t\t\t\t\t\t<\/div>\n\t\t\t\t<\/div>\n\t\t\t\t\t<\/div>\n\t\t\t\t<\/div>\n\t\t<div class=\"elementor-element elementor-element-6291fb5 e-grid e-con-boxed e-con e-parent\" data-id=\"6291fb5\" data-element_type=\"container\" data-e-type=\"container\">\n\t\t\t\t\t<div class=\"e-con-inner\">\n\t\t\t\t<div class=\"elementor-element elementor-element-9150cf3 elementor-widget elementor-widget-image\" data-id=\"9150cf3\" data-element_type=\"widget\" data-e-type=\"widget\" data-widget_type=\"image.default\">\n\t\t\t\t<div class=\"elementor-widget-container\">\n\t\t\t\t\t\t\t\t\t\t\t\t\t\t\t<img loading=\"lazy\" decoding=\"async\" width=\"476\" height=\"1024\" src=\"https:\/\/ferroaydinlatma.com\/wp-content\/uploads\/2024\/08\/fer-A005.jpg\" class=\"attachment-large size-large wp-image-3703\" alt=\"\" srcset=\"https:\/\/ferroaydinlatma.com\/wp-content\/uploads\/2024\/08\/fer-A005.jpg 476w, https:\/\/ferroaydinlatma.com\/wp-content\/uploads\/2024\/08\/fer-A005-139x300.jpg 139w, https:\/\/ferroaydinlatma.com\/wp-content\/uploads\/2024\/08\/fer-A005-6x12.jpg 6w\" sizes=\"(max-width: 476px) 100vw, 476px\" \/>\t\t\t\t\t\t\t\t\t\t\t\t\t\t\t<\/div>\n\t\t\t\t<\/div>\n\t\t\t\t<div class=\"elementor-element elementor-element-3306f2d elementor-widget elementor-widget-image\" data-id=\"3306f2d\" data-element_type=\"widget\" data-e-type=\"widget\" data-widget_type=\"image.default\">\n\t\t\t\t<div class=\"elementor-widget-container\">\n\t\t\t\t\t\t\t\t\t\t\t\t\t\t\t<img loading=\"lazy\" decoding=\"async\" width=\"433\" height=\"1024\" src=\"https:\/\/ferroaydinlatma.com\/wp-content\/uploads\/2024\/08\/fer-A003.jpg\" class=\"attachment-large size-large wp-image-3701\" alt=\"\" srcset=\"https:\/\/ferroaydinlatma.com\/wp-content\/uploads\/2024\/08\/fer-A003.jpg 433w, https:\/\/ferroaydinlatma.com\/wp-content\/uploads\/2024\/08\/fer-A003-127x300.jpg 127w, https:\/\/ferroaydinlatma.com\/wp-content\/uploads\/2024\/08\/fer-A003-5x12.jpg 5w\" sizes=\"(max-width: 433px) 100vw, 433px\" \/>\t\t\t\t\t\t\t\t\t\t\t\t\t\t\t<\/div>\n\t\t\t\t<\/div>\n\t\t\t\t\t<\/div>\n\t\t\t\t<\/div>\n\t\t<div class=\"elementor-element elementor-element-4203e52 e-grid e-con-boxed e-con e-parent\" data-id=\"4203e52\" data-element_type=\"container\" data-e-type=\"container\">\n\t\t\t\t\t<div class=\"e-con-inner\">\n\t\t\t\t<div class=\"elementor-element elementor-element-1278ace elementor-widget elementor-widget-image\" data-id=\"1278ace\" data-element_type=\"widget\" data-e-type=\"widget\" data-widget_type=\"image.default\">\n\t\t\t\t<div class=\"elementor-widget-container\">\n\t\t\t\t\t\t\t\t\t\t\t\t\t\t\t<img loading=\"lazy\" decoding=\"async\" width=\"400\" height=\"600\" src=\"https:\/\/ferroaydinlatma.com\/wp-content\/uploads\/2024\/08\/fer-A004.jpg\" class=\"attachment-large size-large wp-image-3702\" alt=\"\" srcset=\"https:\/\/ferroaydinlatma.com\/wp-content\/uploads\/2024\/08\/fer-A004.jpg 400w, https:\/\/ferroaydinlatma.com\/wp-content\/uploads\/2024\/08\/fer-A004-200x300.jpg 200w, https:\/\/ferroaydinlatma.com\/wp-content\/uploads\/2024\/08\/fer-A004-8x12.jpg 8w\" sizes=\"(max-width: 400px) 100vw, 400px\" \/>\t\t\t\t\t\t\t\t\t\t\t\t\t\t\t<\/div>\n\t\t\t\t<\/div>\n\t\t\t\t<div class=\"elementor-element elementor-element-b756f50 elementor-widget elementor-widget-image\" data-id=\"b756f50\" data-element_type=\"widget\" data-e-type=\"widget\" data-widget_type=\"image.default\">\n\t\t\t\t<div class=\"elementor-widget-container\">\n\t\t\t\t\t\t\t\t\t\t\t\t\t\t\t<img loading=\"lazy\" decoding=\"async\" width=\"350\" height=\"449\" src=\"https:\/\/ferroaydinlatma.com\/wp-content\/uploads\/2024\/08\/fer-A002.jpg\" class=\"attachment-large size-large wp-image-3700\" alt=\"\" srcset=\"https:\/\/ferroaydinlatma.com\/wp-content\/uploads\/2024\/08\/fer-A002.jpg 350w, https:\/\/ferroaydinlatma.com\/wp-content\/uploads\/2024\/08\/fer-A002-234x300.jpg 234w, https:\/\/ferroaydinlatma.com\/wp-content\/uploads\/2024\/08\/fer-A002-9x12.jpg 9w\" sizes=\"(max-width: 350px) 100vw, 350px\" \/>\t\t\t\t\t\t\t\t\t\t\t\t\t\t\t<\/div>\n\t\t\t\t<\/div>\n\t\t\t\t\t<\/div>\n\t\t\t\t<\/div>\n\t\t<div class=\"elementor-element elementor-element-37cbad0 e-grid e-con-boxed e-con e-parent\" data-id=\"37cbad0\" data-element_type=\"container\" data-e-type=\"container\">\n\t\t\t\t\t<div class=\"e-con-inner\">\n\t\t\t\t<div class=\"elementor-element elementor-element-b77ddce elementor-widget elementor-widget-image\" data-id=\"b77ddce\" data-element_type=\"widget\" data-e-type=\"widget\" data-widget_type=\"image.default\">\n\t\t\t\t<div class=\"elementor-widget-container\">\n\t\t\t\t\t\t\t\t\t\t\t\t\t\t\t<img decoding=\"async\" src=\"https:\/\/ferroaydinlatma.com\/wp-content\/uploads\/elementor\/thumbs\/R27-qt5i8cgquio1f5dakmnhovi3cppvwuwaoqmu74to1m.jpg\" title=\"R27\" alt=\"R27\" loading=\"lazy\" \/>\t\t\t\t\t\t\t\t\t\t\t\t\t\t\t<\/div>\n\t\t\t\t<\/div>\n\t\t\t\t<div class=\"elementor-element elementor-element-a2e2900 elementor-widget elementor-widget-image\" data-id=\"a2e2900\" data-element_type=\"widget\" data-e-type=\"widget\" data-widget_type=\"image.default\">\n\t\t\t\t<div class=\"elementor-widget-container\">\n\t\t\t\t\t\t\t\t\t\t\t\t\t\t\t<img loading=\"lazy\" decoding=\"async\" width=\"525\" height=\"700\" src=\"https:\/\/ferroaydinlatma.com\/wp-content\/uploads\/2024\/08\/R26.jpg\" class=\"attachment-large size-large wp-image-3696\" alt=\"\" srcset=\"https:\/\/ferroaydinlatma.com\/wp-content\/uploads\/2024\/08\/R26.jpg 768w, https:\/\/ferroaydinlatma.com\/wp-content\/uploads\/2024\/08\/R26-225x300.jpg 225w, https:\/\/ferroaydinlatma.com\/wp-content\/uploads\/2024\/08\/R26-9x12.jpg 9w\" sizes=\"(max-width: 525px) 100vw, 525px\" \/>\t\t\t\t\t\t\t\t\t\t\t\t\t\t\t<\/div>\n\t\t\t\t<\/div>\n\t\t\t\t<div class=\"elementor-element elementor-element-5da40bc elementor-widget elementor-widget-image\" data-id=\"5da40bc\" data-element_type=\"widget\" data-e-type=\"widget\" data-widget_type=\"image.default\">\n\t\t\t\t<div class=\"elementor-widget-container\">\n\t\t\t\t\t\t\t\t\t\t\t\t\t\t\t<img loading=\"lazy\" decoding=\"async\" width=\"525\" height=\"700\" src=\"https:\/\/ferroaydinlatma.com\/wp-content\/uploads\/2024\/08\/R7.jpg\" class=\"attachment-large size-large wp-image-3695\" alt=\"\" srcset=\"https:\/\/ferroaydinlatma.com\/wp-content\/uploads\/2024\/08\/R7.jpg 768w, https:\/\/ferroaydinlatma.com\/wp-content\/uploads\/2024\/08\/R7-225x300.jpg 225w, https:\/\/ferroaydinlatma.com\/wp-content\/uploads\/2024\/08\/R7-9x12.jpg 9w\" sizes=\"(max-width: 525px) 100vw, 525px\" \/>\t\t\t\t\t\t\t\t\t\t\t\t\t\t\t<\/div>\n\t\t\t\t<\/div>\n\t\t\t\t\t<\/div>\n\t\t\t\t<\/div>\n\t\t\t\t<\/div>","protected":false},"excerpt":{"rendered":"<p>Park Bah\u00e7e Direkleri Park ve Bah\u00e7e Ayd\u0131nlatma Direkleri:\u00a0 Ferro Ayd\u0131nlatma&#8217;n\u0131n Estetik ve G\u00fcvenlikteki \u00d6nc\u00fcl\u00fc\u011f\u00fc \u00a0 Parklar ve bah\u00e7eler, \u015fehir ya\u015fam\u0131nda huzur buldu\u011fumuz, do\u011fayla i\u00e7 i\u00e7e oldu\u011fumuz alanlard\u0131r. Bu alanlar\u0131n hem g\u00fcvenli hem de estetik a\u00e7\u0131dan \u00e7ekici olmas\u0131, ayd\u0131nlatma \u00e7\u00f6z\u00fcmlerinin kalitesiyle do\u011frudan ili\u015fkilidir. Ferro Ayd\u0131nlatma, park ve bah\u00e7e ayd\u0131nlatma direklerinde, estetik ve g\u00fcvenli\u011fi bir arada sunarak [&hellip;]<\/p>\n","protected":false},"author":1,"featured_media":0,"parent":0,"menu_order":0,"comment_status":"closed","ping_status":"closed","template":"tpl-default-elementor.php","meta":{"om_disable_all_campaigns":false,"_monsterinsights_skip_tracking":false,"_monsterinsights_sitenote_active":false,"_monsterinsights_sitenote_note":"","_monsterinsights_sitenote_category":0,"_uf_show_specific_survey":0,"_uf_disable_surveys":false,"footnotes":""},"class_list":["post-3517","page","type-page","status-publish","hentry"],"aioseo_notices":[],"_links":{"self":[{"href":"https:\/\/ferroaydinlatma.com\/en\/wp-json\/wp\/v2\/pages\/3517","targetHints":{"allow":["GET"]}}],"collection":[{"href":"https:\/\/ferroaydinlatma.com\/en\/wp-json\/wp\/v2\/pages"}],"about":[{"href":"https:\/\/ferroaydinlatma.com\/en\/wp-json\/wp\/v2\/types\/page"}],"author":[{"embeddable":true,"href":"https:\/\/ferroaydinlatma.com\/en\/wp-json\/wp\/v2\/users\/1"}],"replies":[{"embeddable":true,"href":"https:\/\/ferroaydinlatma.com\/en\/wp-json\/wp\/v2\/comments?post=3517"}],"version-history":[{"count":10,"href":"https:\/\/ferroaydinlatma.com\/en\/wp-json\/wp\/v2\/pages\/3517\/revisions"}],"predecessor-version":[{"id":3709,"href":"https:\/\/ferroaydinlatma.com\/en\/wp-json\/wp\/v2\/pages\/3517\/revisions\/3709"}],"wp:attachment":[{"href":"https:\/\/ferroaydinlatma.com\/en\/wp-json\/wp\/v2\/media?parent=3517"}],"curies":[{"name":"wp","href":"https:\/\/api.w.org\/{rel}","templated":true}]}}